{"id":12,"date":"2016-05-23T14:42:25","date_gmt":"2016-05-23T14:42:25","guid":{"rendered":"http:\/\/salafismus-forschung.de\/?page_id=12"},"modified":"2025-06-17T14:21:56","modified_gmt":"2025-06-17T14:21:56","slug":"projekte","status":"publish","type":"page","link":"https:\/\/salafismus-forschung.de\/en\/projekte","title":{"rendered":"Projects"},"content":{"rendered":"<p><\/p>\n\n\n\n<p>Since October 2024, I have been working for the House of Religions as the director and coordinator of the project &#8220;<a href=\"https:\/\/haus-der-religionen.de\/de\/node\/795\" target=\"_blank\" rel=\"noreferrer noopener\">The Global Conflict in the Classroom &#8211; Anti-Semitism Meets Anti-Muslim Racism<\/a>&#8220;.<\/p>\n\n\n\n<p>From March to September 2024, I was a postdoctoral fellow in the project <strong>MORE (Models of Religion-Related Teaching and the Topic of Islam)<\/strong>, responsible for the evaluation and finalization of the Potsdam<\/p>\n\n\n\n<p>In May 2023, I was habilitated at Goethe University. My habilitation is based on a longitudinal study with children in the German jihadist milieu.<\/p>\n\n\n\n<figure class=\"wp-block-image\"><img loading=\"lazy\" decoding=\"async\" width=\"300\" height=\"273\" src=\"http:\/\/salafismus-forschung.de\/wp-content\/uploads\/2023\/05\/Screenshot_20230529_114406_Chrome-300x273.jpg\" alt=\"\" class=\"wp-image-693\" srcset=\"https:\/\/salafismus-forschung.de\/wp-content\/uploads\/2023\/05\/Screenshot_20230529_114406_Chrome-300x273.jpg 300w, https:\/\/salafismus-forschung.de\/wp-content\/uploads\/2023\/05\/Screenshot_20230529_114406_Chrome-1024x933.jpg 1024w, https:\/\/salafismus-forschung.de\/wp-content\/uploads\/2023\/05\/Screenshot_20230529_114406_Chrome-768x700.jpg 768w, https:\/\/salafismus-forschung.de\/wp-content\/uploads\/2023\/05\/Screenshot_20230529_114406_Chrome.jpg 1137w\" sizes=\"(max-width: 300px) 100vw, 300px\" \/><\/figure>\n\n\n\n<p class=\"has-text-align-left\">Since 2015 I held lectures, trainings, professional developments and workshops in several educational institutions, religious organizations, social facilities, trade associations, NGO, probationary services&nbsp; and at the police to the following topics:<\/p>\n\n\n\n<ul>\n<li>Religion-scientifically based approaches to the terms: Radicalization, Terrorism, Extremism, Religious Fundamentalism and Islamism<\/li>\n\n\n\n<li>the roots of Salafism in Germany and Europe and its further development<\/li>\n\n\n\n<li>the diversity of the Salafistic Scene in Germany and Europe<\/li>\n\n\n\n<li>the (salafistic) Jihadi milieu in Germany and Europe<\/li>\n\n\n\n<li>(Female) Foreign Fighters<\/li>\n\n\n\n<li>Girls and women in the Salafi milieu<\/li>\n\n\n\n<li>Prevention approaches towards religious radicalization<\/li>\n\n\n\n<li>Framework for civic involvement<\/li>\n<\/ul>\n\n\n\n<p class=\"has-text-align-center\"><strong>Selected Examples<\/strong><\/p>\n\n\n\n<p class=\"has-text-align-center\"><strong>2015<\/strong><\/p>\n\n\n\n<p><strong>July 2015<\/strong><\/p>\n\n\n\n<p>07.07.2015<\/p>\n\n\n\n<p>\u201eScientific Problems related to the field-research in the so called Salafi Milieu\u201c<\/p>\n\n\n\n<p>Lecture in context of the Conference \u201eSalafism in discourse \u2013 Reconstruction, Deconstruction and Construction of an Islamic movement\u201c<\/p>\n\n\n\n<p>University of Bremen, Department of Religious Studies<\/p>\n\n\n\n<p><strong>September 2015<\/strong><\/p>\n\n\n\n<p>02. to 04. September 2015<\/p>\n\n\n\n<p>\u201eTransnational networks among Salafi in Europe\u201c<\/p>\n\n\n\n<p>Lecture in the context of the fifth meeting of <em>PASCA: &#8220;<\/em><em>Im-\/mobilities as products and generators of <\/em>conflict&#8221;, organized by the Institute of Peace-Research Frankfurt am Main and the Department of Social- and Culture-Anthropology of the Goethe-University in Frankfurt am Main<\/p>\n\n\n\n<p>Westend-Campus University&nbsp;in Frankfurt, Frankfurt am Main<\/p>\n\n\n\n<p><strong>October 2015<\/strong><\/p>\n\n\n\n<p>27.10.2015<\/p>\n\n\n\n<p>&#8220;<i>The Contemporary Salafi-Movement in Germany: Approaches to a Distrustful Milieu<\/i>&#8220;<\/p>\n\n\n<div class=\"wp-block-image\">\n<figure class=\"aligncenter\"><img loading=\"lazy\" decoding=\"async\" width=\"300\" height=\"254\" src=\"http:\/\/salafismus-forschung.de\/wp-content\/uploads\/2016\/05\/Nina-K\u00e4sehage_Mainspeaker_Yogyakarta-Indonesien-300x254.jpg\" alt=\"Nina K\u00e4sehage_Main-Speaker_Yogyakarta, Indonesien\" class=\"wp-image-115\" srcset=\"https:\/\/salafismus-forschung.de\/wp-content\/uploads\/2016\/05\/Nina-K\u00e4sehage_Mainspeaker_Yogyakarta-Indonesien-300x254.jpg 300w, https:\/\/salafismus-forschung.de\/wp-content\/uploads\/2016\/05\/Nina-K\u00e4sehage_Mainspeaker_Yogyakarta-Indonesien-768x651.jpg 768w, https:\/\/salafismus-forschung.de\/wp-content\/uploads\/2016\/05\/Nina-K\u00e4sehage_Mainspeaker_Yogyakarta-Indonesien.jpg 849w\" sizes=\"(max-width: 300px) 100vw, 300px\" \/><\/figure><\/div>\n\n\n<p>Main-Speaker at the \u201c6<sup>th<\/sup> Joint International Conference and Graduate Workshop on <em>Islamic Studies Revisited: New Trends in the Study of Islam and Muslim Societies<\/em>\u201c, from the State Islamic University of Sunan Kalijaga Yogyakarta, Indonesia and the Department of Philosophy of the Georg-August-University&nbsp;in G\u00f6ttingen<\/p>\n\n\n\n<p>State Islamic University of Sunan Kalijaga Yogyakarta, Indonesia<\/p>\n\n\n\n<p><strong>December 2015<\/strong><\/p>\n\n\n\n<p>15.12.2015<\/p>\n\n\n\n<p>\u201eWomen in Jihad \u2013 How Salafi Actor legitimate violence as appropriate in fight-situations\u201c<\/p>\n\n\n\n<p>Lecture in context of the Course: \u201eReligion and Violence\u201c, Winter-Semester 2015\/16<\/p>\n\n\n\n<p>University of Hannover, Department of Religious Studies, Sociology\/Culture-Anthropology and Theology<\/p>\n\n\n\n<p>18.12.2015<\/p>\n\n\n\n<p>\u201eWomen in the Islamic State (IS)\u201c<\/p>\n\n\n\n<p>Main Speaker and Conception of the Conference-Title and of two Workshops for a conference of the Federal Office of Political Education (bpb) \u201cDialog macht Schule\u201d:\u201eYoung, radical, Muslim? \u2013 Conference about the increasing violence against Muslim and about radical Islam\u201c<\/p>\n\n\n\n<p>Verein nieders\u00e4chsischer Bildungsinitiativen (VNB) e.V. Hannover in cooperation with the VHS-Hannover, the&nbsp;IGS Badenstedt and the Mediencampus Hannover; sponsored by the Federal Office for Family, Senior, Women and Youth (BMFSFJ) in context of the federal program \u201cLiving democracy\u201c<\/p>\n\n\n\n<p>VHS-Hannover, Hannover<\/p>\n\n\n\n<p><strong>February 2016<\/strong><\/p>\n\n\n\n<p>04.02.2016<\/p>\n\n\n\n<p>\u201eMedicine towards the Terror? What could we do, to stop the violence?\u201c<\/p>\n\n\n\n<p>Participant of the panel-discussion of the HdR-event: \u201eReligions in talk\u201c, together with Elhakam Sukhni and Prof. Dr. J\u00fcrgen Manemann, moderated by Prof. Dr. Wolfgang Reinbold<\/p>\n\n\n\n<p>Haus der Religionen e.V. (HdR), Hannover<\/p>\n\n\n\n<figure class=\"wp-block-embed is-type-video is-provider-youtube wp-block-embed-youtube wp-embed-aspect-16-9 wp-has-aspect-ratio\"><div class=\"wp-block-embed__wrapper\">\n<iframe loading=\"lazy\" title=\"Medizin gegen den Terror - Was k\u00f6nnen wir tun, um die Gewalt zu stoppen? | Ep. 21\" width=\"640\" height=\"360\" src=\"https:\/\/www.youtube.com\/embed\/gNoFDUJ7z5Y?feature=oembed\" frameborder=\"0\" allow=\"accelerometer; autoplay; clipboard-write; encrypted-media; gyroscope; picture-in-picture; web-share\" referrerpolicy=\"strict-origin-when-cross-origin\" allowfullscreen><\/iframe>\n<\/div><\/figure>\n\n\n\n<p>29.02.2016<\/p>\n\n\n\n<p>\u201eThe Salafi Scene in Germany \u2013 Views from the inside and the outside and its relations with the Islamic State\u201c<\/p>\n\n\n\n<p>Lecture<\/p>\n\n\n\n<p>G\u00f6ttinger Senioren-Forums NEOKO with support of &nbsp;Apex Kultur e.V.<\/p>\n\n\n\n<p>Apex Kultur e.V., G\u00f6ttingen<\/p>\n\n\n\n<p class=\"has-text-align-center\"><strong>&nbsp;<\/strong><strong>2016<\/strong><\/p>\n\n\n\n<p><strong>May 2016<\/strong><\/p>\n\n\n\n<p>02.05.2016<\/p>\n\n\n\n<p>\u201cThe Heterogeinity of the radicalization process of girls and young women in the <em>jihadi-salafistic milieu &#8211;&nbsp; <\/em>Empirical proofs from the field research related to religious actor in the Jihad\u201d\u201d<\/p>\n\n\n\n<p>LEGATO, in cooperation with the Federal Office for Family, Senior, Women and Youth (BMFSFJ)<\/p>\n\n\n\n<p>Legato, Hamburg<\/p>\n\n\n\n<p>17.05.2016<\/p>\n\n\n\n<p>&#8220;What are the reasons for youths to become Jihadis? Potential Prevention-Approaches to stop this development&#8221;<\/p>\n\n\n\n<p>Lecture<\/p>\n\n\n\n<p>Kirchenkreis Norden, Ostfriesland<\/p>\n\n\n<div class=\"wp-block-image\">\n<figure class=\"aligncenter\"><img loading=\"lazy\" decoding=\"async\" width=\"214\" height=\"300\" src=\"http:\/\/salafismus-forschung.de\/wp-content\/uploads\/2016\/05\/DSC_0008-214x300.jpg\" alt=\"K\u00e4sehage_Vortrag Norden\" class=\"wp-image-87\" srcset=\"https:\/\/salafismus-forschung.de\/wp-content\/uploads\/2016\/05\/DSC_0008-214x300.jpg 214w, https:\/\/salafismus-forschung.de\/wp-content\/uploads\/2016\/05\/DSC_0008-768x1075.jpg 768w, https:\/\/salafismus-forschung.de\/wp-content\/uploads\/2016\/05\/DSC_0008-731x1024.jpg 731w, https:\/\/salafismus-forschung.de\/wp-content\/uploads\/2016\/05\/DSC_0008.jpg 1959w\" sizes=\"(max-width: 214px) 100vw, 214px\" \/><\/figure><\/div>\n\n\n<p>19.05.2016<\/p>\n\n\n\n<p>\u201cYouths in the Holy War &#8211; How to ban the danger in the middle of our society\u201d<\/p>\n\n\n\n<p>Participant of the panel-discussion of the HdR-event: \u201eReligions in talk\u201c, together with Dr. Rudolf van H\u00fcllen, Christian Hantel, Ansgar Focke Mdl, moderated by Simon Kremer (dpa)<\/p>\n\n\n\n<p>Konrad-Adenauer-Stiftung, Hannover<\/p>\n\n\n\n<p><strong>June 2016<\/strong><\/p>\n\n\n\n<p>23.06.2016<\/p>\n\n\n\n<p>\u201cAl-Jannah! \u2013 Best Practice Examples from the Salafi-Jihadi-Milieu\u201d<\/p>\n\n\n\n<p>Lecture<\/p>\n\n\n\n<p>Conference of Zebis (Center for ethic education in the Forces) and ithf (Institute for Theology and Freedom), from 19.06. to 24.06.2016<\/p>\n\n\n\n<p>Hamburg<\/p>\n\n\n\n<p><strong>July 2016<\/strong><\/p>\n\n\n\n<p>07.07.2016<\/p>\n\n\n\n<p>\u201cThe Heterogeneity of the Salafi Scene in Germany\u201d<\/p>\n\n\n\n<p>Lecture<\/p>\n\n\n\n<p>Forum Interreligious Dialogue<\/p>\n\n\n\n<p>Georg-August-University of G\u00f6ttingen<\/p>\n\n\n\n<p><strong>September 2016<\/strong><\/p>\n\n\n\n<p>06.09.2016<\/p>\n\n\n\n<p>&#8220;The different facet of Islam&#8221;<\/p>\n\n\n\n<p>Lecture<\/p>\n\n\n\n<p>Religramme &#8211; Faces of religions<\/p>\n\n\n\n<p>Hameln<\/p>\n\n\n\n<p><strong>October 2016<\/strong><\/p>\n\n\n\n<p>27.10.2016<\/p>\n\n\n\n<p>&#8220;Gender role and sexuality in Islam and their salafistic interpretation with field-research examples&#8221;<\/p>\n\n\n\n<p>Lecture<\/p>\n\n\n\n<p>Landesstelle Jugendschutz Hannover<\/p>\n\n\n\n<p>Hannover<\/p>\n\n\n\n<p><strong>November 2016<\/strong><\/p>\n\n\n\n<p>07.11.2016<\/p>\n\n\n\n<p>&#8220;Individual background and motives of female foreign fighters for joining the jihad and potential ways to canalize their negative energies in social participation&#8221;<\/p>\n\n\n\n<p>Lecture<\/p>\n\n\n\n<p>Society for Terrorism Research &amp; Universit\u00e4t Leiden<\/p>\n\n\n\n<p>The Hague, The Netherlands<\/p>\n\n\n\n<p>14.11.2016<\/p>\n\n\n\n<p>&#8220;The Salafistic Scene in Germany&#8221;<\/p>\n\n\n\n<p>Lecture<\/p>\n\n\n\n<p>Landeshauptstadt Hannover &#8211; Fachbereich Soziales und Integration<\/p>\n\n\n\n<p>Hannover<\/p>\n\n\n\n<p>15.11.2016<\/p>\n\n\n\n<p>&#8220;Arrival &#8211; Societal participation in coherency with interreligious challenges&#8221;<\/p>\n\n\n\n<p>Lecture<\/p>\n\n\n\n<p>VHS-Langenhagen und LieZa<\/p>\n\n\n\n<p>Langenhagen<\/p>\n\n\n\n<p><strong>December 2016<\/strong><\/p>\n\n\n\n<p>13.12.2016<\/p>\n\n\n\n<p>&#8220;Salafismus made in Germany \u2013 Warum sich junge Menschen dem Salafismus anschlie\u00dfen&#8221;<\/p>\n\n\n\n<p>Lecture<\/p>\n\n\n\n<p>AGAPLESION, Diakonieklinikum<\/p>\n\n\n\n<p>Rotenburg (W\u00fcmme)<\/p>\n\n\n\n<p class=\"has-text-align-center\"><strong>2017<\/strong><\/p>\n\n\n\n<p class=\"has-text-align-left\"><strong>February 2017<\/strong><\/p>\n\n\n\n<p class=\"has-text-align-left\">02.02.2017<\/p>\n\n\n\n<p class=\"has-text-align-left\">&#8220;Aufwachsen in salafistischen Familien&#8221;<\/p>\n\n\n\n<p class=\"has-text-align-left\">Lecture and Workshop<\/p>\n\n\n\n<p class=\"has-text-align-left\">Arbeitsstelle Kinder- und Jugendschutz Landesstelle NRW e.V (AJS)<\/p>\n\n\n\n<p class=\"has-text-align-left\">Cologne<\/p>\n\n\n\n<p><strong>Mai 2017<\/strong><\/p>\n\n\n\n<p>30.05.2017<\/p>\n\n\n\n<p>&#8220;Salafismus als Protestkultur &#8211; Wie k\u00f6nnen wir der Szene in Niedersachen begegnen?&#8221;<\/p>\n\n\n\n<p>Lecture<\/p>\n\n\n\n<p>Gr\u00fcne Jugend G\u00f6ttingen &amp; Gr\u00fcne Hochschulgruppe G\u00f6ttingen<\/p>\n\n\n\n<p>Georg-August-Universit\u00e4t G\u00f6ttingen<\/p>\n\n\n\n<p><strong>June 2017<\/strong><\/p>\n\n\n\n<p>&#8220;Wege in die Gewalt &#8211; Attraktivit\u00e4tsmomente f\u00fcr junge Menschen im deutschen salafistisch-dschihadistischen Milieu&#8221;<\/p>\n\n\n\n<p>Lecture<\/p>\n\n\n\n<p>Sch\u00fcler-Tagung, Sek II<\/p>\n\n\n\n<p>Kloster Loccum<\/p>\n\n\n\n<p class=\"has-text-align-center\"><strong>2018<\/strong><\/p>\n\n\n\n<p class=\"has-text-align-left\"><strong>May 2018<\/strong><\/p>\n\n\n\n<p class=\"has-text-align-left\">&#8216;Falling in love with martial jihad\u2019 &#8211; Motives from salafistic-jihadistic girls\/women among Europe for joining Jihad&#8221;<\/p>\n\n\n\n<p class=\"has-text-align-left\">Lecture<\/p>\n\n\n\n<p class=\"has-text-align-left\">King\u00b4s College<\/p>\n\n\n\n<p class=\"has-text-align-left\">London (UK)<\/p>\n\n\n\n<p class=\"has-text-align-left\"><strong>September 2018<\/strong><\/p>\n\n\n\n<p>24. September 2018<\/p>\n\n\n\n<p class=\"has-text-align-left\">International expert conference:<\/p>\n\n\n\n<p class=\"has-text-align-left\">&#8216;Women in Extremism &#8211; Causes, Concerns and Consequences&#8217;<\/p>\n\n\n\n<p class=\"has-text-align-left\">Department Religious Studies and Interkultural Theology (University of Rostock) in cooperation with the International Observatory of Human Rights (IOHR)<\/p>\n\n\n\n<p class=\"has-text-align-left\">University of Rostock (Mecklenburg-Vorpommern)<\/p>\n\n\n\n<p><a href=\"https:\/\/www.theologie.uni-rostock.de\/aktuelles\/detailansicht-des-events\/n\/fachtag-frauen-im-extremismus-ursachen-probleme-konsequenzen-34577\/\" target=\"_blank\" rel=\"noopener\">International expert conference &#8216;Women in Extremism&#8217;<\/a><\/p>\n\n\n<div class=\"wp-block-image\">\n<figure class=\"aligncenter\"><img loading=\"lazy\" decoding=\"async\" width=\"216\" height=\"300\" src=\"http:\/\/salafismus-forschung.de\/wp-content\/uploads\/2016\/05\/Women-in-Extremism-216x300.jpg\" alt=\"\" class=\"wp-image-459\" srcset=\"https:\/\/salafismus-forschung.de\/wp-content\/uploads\/2016\/05\/Women-in-Extremism-216x300.jpg 216w, https:\/\/salafismus-forschung.de\/wp-content\/uploads\/2016\/05\/Women-in-Extremism.jpg 331w\" sizes=\"(max-width: 216px) 100vw, 216px\" \/><\/figure><\/div>\n\n\n<p><strong>October 2018<\/strong><\/p>\n\n\n\n<p>04.October 2018<\/p>\n\n\n\n<p><strong><em>&#8216;Special forms of religious communitarisation in the field of Salafism and Jihadism&#8217;<\/em><\/strong><\/p>\n\n\n\n<p>Lecture<\/p>\n\n\n\n<p>BKA und Universit\u00e4t Leiden<\/p>\n\n\n\n<p>Den Haag (NL)<\/p>\n\n\n\n<p>11. October 2018<\/p>\n\n\n\n<p>&#8216;Salafistische Strukturen in Bayern &#8211; Protagonitst*innen und Zielsetzungen&#8217;<\/p>\n\n\n\n<p>Lecture<\/p>\n\n\n\n<p>Gersthofen ist bunt<\/p>\n\n\n\n<p>Gersthofen<\/p>\n\n\n\n<p>12. October 2018<\/p>\n\n\n\n<p>&#8216;Salafistische Strukturen in Bayern &#8211; Protagonitst*innen und Zielsetzungen&#8217;<\/p>\n\n\n\n<p>Lecture<\/p>\n\n\n\n<p>Gegen Vergessen &#8211; F\u00fcr Demokratie<\/p>\n\n\n\n<p>Augsburg<\/p>\n\n\n\n<p><strong>November 2018<\/strong><\/p>\n\n\n\n<p class=\"has-text-align-left\">International conference:<\/p>\n\n\n\n<p class=\"has-text-align-left\">&#8216;Islamic Extremism and Militant Islam as Hybrid Cultures of Knowledge&#8217;<\/p>\n\n\n\n<p class=\"has-text-align-left\">Department of Religious Studies and Intercultural Theology in cooperation with the GRK &#8216;Interpretational Power&#8217;<\/p>\n\n\n\n<p class=\"has-text-align-left\">University of Rostock (Mecklenburg-Vorpommern)<\/p>\n\n\n<div class=\"wp-block-image\">\n<figure class=\"aligncenter\"><img loading=\"lazy\" decoding=\"async\" width=\"224\" height=\"300\" src=\"http:\/\/salafismus-forschung.de\/wp-content\/uploads\/2016\/05\/November-Tagung-224x300.jpg\" alt=\"November-Tagung\" class=\"wp-image-515\" srcset=\"https:\/\/salafismus-forschung.de\/wp-content\/uploads\/2016\/05\/November-Tagung-224x300.jpg 224w, https:\/\/salafismus-forschung.de\/wp-content\/uploads\/2016\/05\/November-Tagung.jpg 381w\" sizes=\"(max-width: 224px) 100vw, 224px\" \/><\/figure><\/div>\n\n\n<p class=\"has-text-align-left\"><\/p>\n\n\n\n<p>5 June 2025<br>\u201cIslamism in Schools and the Radicalization of Young People\u201d<br>Lecture as part of the digital lecture series \u201cIslamism in Politics and Society\u201d, a joint event of the Friedrich Naumann Foundation for Freedom, the Konrad Adenauer Foundation, the Institute for Oriental and Asian Studies at the University of Bonn and the Gesellschaft f\u00fcr Sicherheitspolitik e.V. &#8211; Bonn Section. The lecture is available online on YouTube: https:\/\/www.youtube.com\/watch?v=2jYgVKY8rLo<\/p>\n\n\n\n<figure class=\"wp-block-embed is-type-video is-provider-youtube wp-block-embed-youtube wp-embed-aspect-16-9 wp-has-aspect-ratio\"><div class=\"wp-block-embed__wrapper\">\n<iframe loading=\"lazy\" title=\"Islamismus in Schulen &amp; Radikalisierung junger Menschen\" width=\"640\" height=\"360\" src=\"https:\/\/www.youtube.com\/embed\/2jYgVKY8rLo?feature=oembed\" frameborder=\"0\" allow=\"accelerometer; autoplay; clipboard-write; encrypted-media; gyroscope; picture-in-picture; web-share\" referrerpolicy=\"strict-origin-when-cross-origin\" allowfullscreen><\/iframe>\n<\/div><\/figure>\n\n\n\n<p><strong>My lectures at closed professional events are not mentioned at this point.<\/strong><\/p>","protected":false},"excerpt":{"rendered":"<p>Since October 2024, I have been working for the House of Religions as the director and coordinator of the project &#8220;The Global Conflict in the Classroom &#8211; Anti-Semitism Meets Anti-Muslim Racism&#8220;. From March to September 2024, I was a postdoctoral &hellip; <a href=\"https:\/\/salafismus-forschung.de\/en\/projekte\">Continue reading <span class=\"meta-nav\">&rarr;<\/span><\/a><\/p>\n","protected":false},"author":1,"featured_media":0,"parent":0,"menu_order":3,"comment_status":"closed","ping_status":"closed","template":"","meta":{"footnotes":""},"_links":{"self":[{"href":"https:\/\/salafismus-forschung.de\/en\/wp-json\/wp\/v2\/pages\/12"}],"collection":[{"href":"https:\/\/salafismus-forschung.de\/en\/wp-json\/wp\/v2\/pages"}],"about":[{"href":"https:\/\/salafismus-forschung.de\/en\/wp-json\/wp\/v2\/types\/page"}],"author":[{"embeddable":true,"href":"https:\/\/salafismus-forschung.de\/en\/wp-json\/wp\/v2\/users\/1"}],"replies":[{"embeddable":true,"href":"https:\/\/salafismus-forschung.de\/en\/wp-json\/wp\/v2\/comments?post=12"}],"version-history":[{"count":138,"href":"https:\/\/salafismus-forschung.de\/en\/wp-json\/wp\/v2\/pages\/12\/revisions"}],"predecessor-version":[{"id":901,"href":"https:\/\/salafismus-forschung.de\/en\/wp-json\/wp\/v2\/pages\/12\/revisions\/901"}],"wp:attachment":[{"href":"https:\/\/salafismus-forschung.de\/en\/wp-json\/wp\/v2\/media?parent=12"}],"curies":[{"name":"wp","href":"https:\/\/api.w.org\/{rel}","templated":true}]}}