{"id":15,"date":"2016-05-23T14:43:41","date_gmt":"2016-05-23T14:43:41","guid":{"rendered":"http:\/\/salafismus-forschung.de\/?page_id=15"},"modified":"2026-01-12T09:15:56","modified_gmt":"2026-01-12T09:15:56","slug":"publikationen","status":"publish","type":"page","link":"https:\/\/salafismus-forschung.de\/en\/publikationen","title":{"rendered":"Published works"},"content":{"rendered":"<div class=\"product-name\">\n<div class=\"product-name\">\n<h4><\/strong><\/p>\n<h3>(Online) Articles<\/h3>\n<h3><a href=\"https:\/\/shop.kohlhammer.de\/frauen-im-extremismus-46294.html#147=19\" target=\"_blank\" rel=\"noopener\">&#8220;Frauen im Extremismus &#8211; Radikale Rekruteurinnen zwischen Tradition und Moderne&#8221;<\/a><\/h3>\n<p>Women who are involved in extremist movements are still largely ignored by researchers and the public, or portrayed in the media in a one-sided manner as \u201cterrorist brides\u201d or \u201cgun-toting women.\u201d This comprehensive overview of women&#8217;s participation and roles in current extremist movements is therefore the first publication on the subject of extremist women in German-speaking countries. It addresses radical Islamic, right-wing and left-wing extremist, conspiracy theory, and extremist movements with links to Turkey. The author outlines the significance and transformation of the concept of gender in socio-political and religious terms. Building on this, she shows how the functionalization of gender in extremist movements exerts gender-specific influences on the involvement of girls and women. The examination of the motives, roles, and goals of female extremists illustrates how their reality and self-perception differ from the attributions of mainstream society. The concluding assessment addresses their future potential as radical recruiters.<\/p>\n<p><img loading=\"lazy\" decoding=\"async\" class=\"size-medium wp-image-906 aligncenter\" src=\"http:\/\/salafismus-forschung.de\/wp-content\/uploads\/2026\/01\/Frauen-im-Extremismus-Kaesehage-2025-214x300.png\" alt=\"\" width=\"214\" height=\"300\" srcset=\"https:\/\/salafismus-forschung.de\/wp-content\/uploads\/2026\/01\/Frauen-im-Extremismus-Kaesehage-2025-214x300.png 214w, https:\/\/salafismus-forschung.de\/wp-content\/uploads\/2026\/01\/Frauen-im-Extremismus-Kaesehage-2025.png 289w\" sizes=\"(max-width: 214px) 100vw, 214px\" \/><\/p>\n<\/p>\n<p>\u201c<strong>Implications for dealing with children and young people socialized by radical Islam<\/strong>\u201d<\/p>\n<p>(Transcript of the presentation of the same name as part of the event series #TeamDemokratiePlus of the Fachstelle Extremismusdistanzierung (FEX) LAG Mobile Jugendarbeit\/Streetwork Baden-W\u00fcrttemberg e. V., funded by the federal program \u201cDemokratie leben!\u201d and the innovation fund #TeamDemokratie &#8211; Gemeinsam stark f\u00fcr Demokratie from July 8, 2024)<\/p>\n<h3><strong>Forthcoming<\/strong><\/h3>\n<ul>\n<li><a href=\"https:\/\/zuklampen.de\/buecher\/sachbuch\/politik\/bk\/958-frauen-im-dschihad.html\" target=\"_blank\" rel=\"noopener\"><strong>Frauen im Dschihad &#8211; Salafismus als transnationale Bewegung<\/strong><\/a><\/li>\n<\/ul>\n<p>While the motivations of male jihadists are often the subject of academic research, the motivations of women in jihad have been neglected in research to date. This research gap is to be closed by the present study. Based on a cross-sectional study of 60 girls and young women from the Salafist-jihadist milieu, which was conducted in Germany as well as in eight other European countries, the individual, religious and socio-political causes for female involvement in jihadist groups are analyzed. In particular, the specific modus operandi of female protagonists, who hold key roles in transnational Salafist networks, will be examined from a religious studies perspective in order to illustrate the growing importance of female jihadists within the European jihadist scene.<\/p>\n<p><img loading=\"lazy\" decoding=\"async\" class=\"size-medium wp-image-596 aligncenter\" src=\"http:\/\/salafismus-forschung.de\/wp-content\/uploads\/2016\/05\/K\u00e4sehage_2020-184x300.jpg\" alt=\"K\u00e4sehage_2020\" width=\"184\" height=\"300\" srcset=\"https:\/\/salafismus-forschung.de\/wp-content\/uploads\/2016\/05\/K\u00e4sehage_2020-184x300.jpg 184w, https:\/\/salafismus-forschung.de\/wp-content\/uploads\/2016\/05\/K\u00e4sehage_2020.jpg 215w\" sizes=\"(max-width: 184px) 100vw, 184px\" \/><\/p>\n<p><a href=\"https:\/\/www.amazon.de\/Frauen-Dschihad-Salafismus-transnationale-Bewegung\/dp\/3866746199\/ref=sr_1_3?__mk_de_DE=%C3%85M%C3%85%C5%BD%C3%95%C3%91&amp;dchild=1&amp;keywords=k%C3%A4sehage&amp;qid=1585641891&amp;sr=8-3\">https:\/\/www.amazon.de\/Frauen-Dschihad-Salafismus-transnationale-Bewegung\/dp\/3866746199\/ref=sr_1_3?__mk_de_DE=%C3%85M%C3%85%C5%BD%C3%95%C3%91&amp;dchild=1&amp;keywords=k%C3%A4sehage&amp;qid=1585641891&amp;sr=8-3<\/a><\/p>\n<h4>Summer 2024<\/h4>\n<ul>\n<li class=\"fn\"><a href=\"https:\/\/www.ulrike-helmer-verlag.de\/buchbeschreibungen\/nina-k%C3%A4sehage-wissenschaftlerinnen-zwischen-empowerment-und-unsichtbarkeit\/#cc-m-product-14761158132\" target=\"_blank\" rel=\"noopener\">Wissenschaftlerinnen zwischen Unsichtbarkeit und Empowerment &#8211; Rezeption weiblicher Expertise im Kontext der Wissenschaftskommunikation im (wissenschafts-)\u00f6ffentlichen Raum<\/a><\/li>\n<\/ul>\n<p>Even today, the public reception of science is mostly associated with a male researcher (&#8220;the&#8221; expert). Establishing &#8220;the&#8221; female researcher as an expert on scientific topics in the public sphere, on the other hand, seems difficult. This perception can be influenced by gender-specific factors (stereotypes, discrimination, etc.), but can also be (unconsciously) supported by the reticence and passivity of female scientists themselves. This publication uses qualitative data to examine how female researchers from a wide range of disciplines reflect on their own role, present it publicly and how they disseminate their research findings. Finally, structural and methodological recommendations are formulated that can help to make female scientific expertise (more) visible.<\/p>\n<h3>July 2024<\/h3>\n<h3 class=\"app-article-masthead--book__info--book-title\" data-test=\"book-title\"><a href=\"https:\/\/link.springer.com\/book\/10.1007\/978-3-031-56038-5\" target=\"_blank\" rel=\"noopener\">Keeping Peace in Troubled Times &#8211;\u00a0Perspectives from Different Disciplines on War and Peace<\/a><\/h3>\n<p>This interdisciplinary anthology offers both theoretical reflections and empirical data on past, present and possible future war and crisis situations. In addition, against the background of the authors&#8217; academic and practical experience in the field of international political observation and consultancy, proposals are formulated for peacekeeping in crisis regions and with regard to extreme environments. Furthermore it addresses sensory and aesthetic perceptions of war and peace. Unlike other books on the subject, this contributed volume seeks solutions for lasting peace from various fields that could help improve quality of life for people around the world \u2013 especially in heterogeneous societies, which are often shaken by religious, ethnic or political crises.<\/p>\n<h3><strong>November 2023<\/strong><\/h3>\n<ul>\n<li><a href=\"https:\/\/shop.kohlhammer.de\/the-young-sahaba-44512.html\" target=\"_blank\" rel=\"noopener\"><strong>&#8220;The Young Sahaba&#8221; -Die religi\u00f6se Sozialisation von Kindern und Jugendlichen im jihadistischen Milieu<\/strong><\/a><\/li>\n<\/ul>\n<p>The habilitation thesis by extremism expert Nina K\u00e4sehage offers a multidimensional perspective on German children and adolescents who grew up with jihadist mothers and, in the course of the emergence of the Islamic State (IS), left with them for Syria, where they were henceforth socialized by the IS. This thesis provides a qualitative longitudinal study with the three groups interviewed, focusing on the consideration of a possible change in their religious, social, and political values in three time periods: with the IS, returned, and after a year of &#8216;reintegration&#8217; into German society. This methodological approach opens up previously unknown inner views into the developmental trajectories of both the mothers and the young interviewees in the adolescent phase. These were dubbed &#8220;Young Sahaba&#8221; by the IS &#8211; in reference to the companions of the Islamic prophet Muhammad. In addition, the focus on gender-sensitive issues is sharpened by questioning not only the role of women in the IS and their motivations for leaving to join a terrorist militia, but also the social reception of a &#8216;mother&#8217; who takes her children on a journey into the unknown. Further aspects concerning the adequate social and (religious) pedagogical treatment of returnees and their children as well as their legal evaluation round off the overall view of the so far no (young) jihadists in Germany, are also considered in particular against the background of the risk to children&#8217;s well-being and possible protective measures for children of ideologized parents.<\/p>\n<p><a href=\"https:\/\/brill.com\/view\/journals\/wdi\/aop\/article-10.1163-15700607-20240030\/article-10.1163-15700607-20240030.xml?rskey=JVU8AQ&amp;result=1\" target=\"_blank\" rel=\"noreferrer noopener\">Review related to &#8220;The Young Sahaba&#8221; in &#8220;Die Welt des Islam&#8221; &#8211; International Journal for the Study of Islam<\/a> by PD Dr. Isabella Schwaderer February 3, 2025<\/p>\n<p><strong>March 2021<br \/><\/strong><\/p>\n<h3><strong><em>Religious Fundamentalism in the Age of Pandemic<\/em><\/strong><\/h3>\n<ul>\n<li>The multidisciplinary anthology <i>Religious Fundamentalism in the Age of Pandemic<\/i> provides deep insights concerning the current impact of Covid-19 on various religious groups and believers around the world. Based on contributions of well-known scholars in the field of Religious Fundamentalism, the contributors offer about a window into the origins of religious fundamentalism and the development of these movements as well as the creation of the category itself. Further recommendations regarding specific (fundamentalist) religious groups and actors and their possible development within Buddhism, Christianity, Islam and Judaism round up the discussion about the rise of <i>Religious Fundamentalism in the Age of Pandemic<\/i>.<\/li>\n<\/ul>\n<p><img loading=\"lazy\" decoding=\"async\" class=\"size-medium wp-image-612 aligncenter\" src=\"http:\/\/salafismus-forschung.de\/wp-content\/uploads\/2016\/05\/K\u00e4sehage_Religious-Fundamentalism-223x300.jpg\" alt=\"K\u00e4sehage_Religious Fundamentalism\" width=\"223\" height=\"300\" srcset=\"https:\/\/salafismus-forschung.de\/wp-content\/uploads\/2016\/05\/K\u00e4sehage_Religious-Fundamentalism-223x300.jpg 223w, https:\/\/salafismus-forschung.de\/wp-content\/uploads\/2016\/05\/K\u00e4sehage_Religious-Fundamentalism-768x1031.jpg 768w, https:\/\/salafismus-forschung.de\/wp-content\/uploads\/2016\/05\/K\u00e4sehage_Religious-Fundamentalism-763x1024.jpg 763w, https:\/\/salafismus-forschung.de\/wp-content\/uploads\/2016\/05\/K\u00e4sehage_Religious-Fundamentalism.jpg 1196w\" sizes=\"(max-width: 223px) 100vw, 223px\" \/><\/p>\n<p><a href=\"https:\/\/www.transcript-verlag.de\/978-3-8376-5485-1\/religious-fundamentalism-in-the-age-of-pandemic\/\" target=\"_blank\" rel=\"noopener\">https:\/\/www.transcript-verlag.de\/978-3-8376-5485-1\/religious-fundamentalism-in-the-age-of-pandemic\/<\/a><\/p>\n<p><strong>Reviews:<\/strong><\/p>\n<p><strong>Terrorism and Political Violence,<\/strong> Volume 33, 2021, issue 5: Review by Prof. J\u00e1nos Besenyo, \u00d3buda University: &#8216;<span class=\"NLM_article-title hlFld-title\">Religious Fundamentalism in the Age of Pandemic <\/span><span class=\"NLM_subtitle\">by Nina K\u00e4sehage&#8217;:<\/span> <a href=\"https:\/\/www.tandfonline.com\/doi\/abs\/10.1080\/09546553.2021.1939534\" target=\"_blank\" rel=\"noopener\">https:\/\/www.tandfonline.com\/doi\/abs\/10.1080\/09546553.2021.1939534<\/a><\/p>\n<p><strong>November 2020<\/strong><\/p>\n<h3 class=\"product--title\"><strong>Prevention of Violent Extremism in Western Muslim Diasporas<\/strong><\/h3>\n<ul>\n<li>At the present time, various forms of violent extremism in the left- and right-wing as well as in the jihadist milieus seem to increase all over the world. This development produces a lot of concerns within Western societies and is often fueled by populist actors in terms of their own purposes. The present book seeks to clarify the real situations and possible threats that are currently occurring with regard to the three considered violent extremist movements in Belgium, Canada, Denmark, France, Germany, Great Britain, The Netherlands and the United States of America (USA).<\/li>\n<\/ul>\n<p><img loading=\"lazy\" decoding=\"async\" class=\"size-medium wp-image-653 aligncenter\" src=\"http:\/\/salafismus-forschung.de\/wp-content\/uploads\/2016\/05\/91358-6-207x300.jpg\" alt=\"91358-6\" width=\"207\" height=\"300\" srcset=\"https:\/\/salafismus-forschung.de\/wp-content\/uploads\/2016\/05\/91358-6-207x300.jpg 207w, https:\/\/salafismus-forschung.de\/wp-content\/uploads\/2016\/05\/91358-6-768x1114.jpg 768w, https:\/\/salafismus-forschung.de\/wp-content\/uploads\/2016\/05\/91358-6-706x1024.jpg 706w, https:\/\/salafismus-forschung.de\/wp-content\/uploads\/2016\/05\/91358-6.jpg 1712w\" sizes=\"(max-width: 207px) 100vw, 207px\" \/><\/p>\n<p><a href=\"https:\/\/www.lit-verlag.de\/isbn\/978-3-643-91358-6?c=6751\" target=\"_blank\" rel=\"noopener\">https:\/\/www.lit-verlag.de\/isbn\/978-3-643-91358-6?c=6751<\/a><\/p>\n<p><strong>Spring 2020<\/strong><\/p>\n<h3><strong><em>&#8216;Militant Islam&#8217; vs. &#8216;Islamic Militancy&#8217;? <\/em><\/strong><em>Religion, Violence, Category Formation and Applied Research. Contested Fields in the Discourses of Scholarship (co-ed. with Prof. Dr. Klaus Hock)<br \/><\/em><\/h3>\n<ul>\n<li style=\"text-align: left;\">Discourses on &#8216;radical Islam&#8217;, on &#8216;Islamic extremism&#8217;, or on &#8216;religious violence&#8217; in Islamic contexts are en vogue &#8211; in and beyond academia. But in view of the highly contested topic of political Islam, the challenge starts already with the preferred terminology. What actually are we talking about when we talk about &#8216;salafism&#8217;, &#8216;jihadism&#8217;, &#8216;Islamic terrorism&#8217;, etc.?<br \/>This edited volume provides a collection of contributions (e.g. Hans G. Kippenberg, Alex P. Schmid and Reinhard Schulze) that due to their respective academic cultures and disciplinary locations display a multifaceted variety of approaches to the research field and its subject.<\/li>\n<\/ul>\n<p><img loading=\"lazy\" decoding=\"async\" class=\"size-medium wp-image-592 aligncenter\" src=\"http:\/\/salafismus-forschung.de\/wp-content\/uploads\/2016\/05\/Hock-und-K\u00e4sehage_2020-205x300.jpg\" alt=\"Hock und K\u00e4sehage_2020\" width=\"205\" height=\"300\" srcset=\"https:\/\/salafismus-forschung.de\/wp-content\/uploads\/2016\/05\/Hock-und-K\u00e4sehage_2020-205x300.jpg 205w, https:\/\/salafismus-forschung.de\/wp-content\/uploads\/2016\/05\/Hock-und-K\u00e4sehage_2020.jpg 381w\" sizes=\"(max-width: 205px) 100vw, 205px\" \/><\/p>\n<p><a href=\"https:\/\/www.lit-verlag.de\/publikationen\/theologie\/73573\/militant-islam-vs.-islamic-militancy\">https:\/\/www.lit-verlag.de\/publikationen\/theologie\/73573\/militant-islam-vs.-islamic-militancy<\/a><\/p>\n<p><a href=\"https:\/\/www.amazon.de\/Militant-Islam-vs-Islamic-Militancy\/dp\/3643912757\/ref=sr_1_2?__mk_de_DE=%C3%85M%C3%85%C5%BD%C3%95%C3%91&amp;dchild=1&amp;keywords=k%C3%A4sehage&amp;qid=1585642442&amp;sr=8-2\">https:\/\/www.amazon.de\/Militant-Islam-vs-Islamic-Militancy\/dp\/3643912757\/ref=sr_1_2?__mk_de_DE=%C3%85M%C3%85%C5%BD%C3%95%C3%91&amp;dchild=1&amp;keywords=k%C3%A4sehage&amp;qid=1585642442&amp;sr=8-2<\/a><\/p>\n<p><strong>Reviews:<\/strong><\/p>\n<p><strong><em>Perspectives on Terrorism<\/em><\/strong> (PoT), Vol. 14, no. 3, June 2020, Rezension von Prof. Ahmet S. Yayla, DeSales University for Homeland Security: &#8220;Book Review: Klaus Hock &amp; Nina K\u00e4sehage. &#8216;Militant&#8217; Islam vs. &#8216;Islamic Militancy&#8217;? R<em>eligion, Violence, Category Formation and Applied Research. Contested Fields in the Discourses of Scholarship:<\/em>:<\/p>\n<p><a href=\"https:\/\/www.jstor.org\/stable\/26918324?seq=1#metadata_info_tab_contents\">https:\/\/www.jstor.org\/stable\/26918324?seq=1#metadata_info_tab_contents<\/a><\/p>\n<p><strong>Spring 2019<\/strong><\/p>\n<h3><strong><em>Salafismus in Deutschland &#8211; Entstehung und Transformation einer radikal-islamischen Bewegung<\/em><\/strong><\/h3>\n<p>Preface: Prof. Dr. Dr. Peter Antes<\/p>\n<p>This monography provides deep insights into the historical development of the German Jihadist and Salafist Scene. In addition it contributes information about the case of Abu Waala, the Iraqi representative of Daesh in Germany. Furthermore, it draws a picture of the possible development of the DITB, the largest Muslim (Diaspora) Community in Germany with roots in Turkey.<\/p>\n<p><img loading=\"lazy\" decoding=\"async\" class=\"size-medium wp-image-558 aligncenter\" src=\"http:\/\/salafismus-forschung.de\/wp-content\/uploads\/2016\/05\/g14304-4-208x300.jpg\" alt=\"Salafismus in Deutschland\" width=\"208\" height=\"300\" srcset=\"https:\/\/salafismus-forschung.de\/wp-content\/uploads\/2016\/05\/g14304-4-208x300.jpg 208w, https:\/\/salafismus-forschung.de\/wp-content\/uploads\/2016\/05\/g14304-4.jpg 450w\" sizes=\"(max-width: 208px) 100vw, 208px\" \/><\/p>\n<p><a href=\"http:\/\/www.lit-verlag.de\/isbn\/3-643-14304-4\" target=\"_blank\" rel=\"noopener\">http:\/\/www.lit-verlag.de\/isbn\/3-643-14304-4<\/a><\/p>\n<p><a href=\"https:\/\/www.amazon.de\/Salafismus-Deutschland-Entstehung-Transformation-radikal-islamischen\/dp\/3643143044\/ref=sr_1_3?ie=UTF8&amp;qid=1550573769&amp;sr=8-3&amp;keywords=K%C3%A4sehage\" target=\"_blank\" rel=\"noopener\">https:\/\/www.amazon.de\/Salafismus-Deutschland-Entstehung-Transformation-radikal-islamischen\/dp\/3643143044\/ref=sr_1_3?ie=UTF8&amp;qid=1550573769&amp;sr=8-3&amp;keywords=K%C3%A4sehage<\/a><\/p>\n<p><strong>Spring 2018<\/strong><\/p>\n<p>Publication of my dissertation <a href=\"https:\/\/www.verlagdrkovac.de\/978-3-8300-9055-7.htm\" target=\"_blank\" rel=\"noopener\"><strong>The contemporary Salafi Scene in Germany &#8211; Preachers and Adherents<\/strong>.<\/a> This empirical study is the <span style=\"text-decoration: underline;\">first basic research<\/span> about the current Salafi Movement in Germany so far. I conducted 1o5 interviews with considerable Salafi-Preacher and Salafi-Actor in Germany. It shows for instance their social backgrounds, their aims to become adherents of the Salafi Movement and &#8211; in parts &#8211; their interests of taking part in the so called<em> Jihad<\/em> in Syria and Iraq. Based on the empiricism of the conducted interviews, this survey gives several de-radicalisation-recommendations and prevention-approaches for the theory and for the practice as well.<\/p>\n<p><img loading=\"lazy\" decoding=\"async\" class=\"size-medium wp-image-562 aligncenter\" src=\"http:\/\/salafismus-forschung.de\/wp-content\/uploads\/2016\/05\/g14000-5-208x300.jpg\" alt=\"Die gegenw\u00e4rtige salafistische Szene in Deutschland\" width=\"208\" height=\"300\" srcset=\"https:\/\/salafismus-forschung.de\/wp-content\/uploads\/2016\/05\/g14000-5-208x300.jpg 208w, https:\/\/salafismus-forschung.de\/wp-content\/uploads\/2016\/05\/g14000-5.jpg 450w\" sizes=\"(max-width: 208px) 100vw, 208px\" \/><\/p>\n<ol>\n<li><em><a href=\"http:\/\/www.litwebshop.de\/index.php?main_page=product_info&amp;cPath=40&amp;products_id=13620\" target=\"_blank\" rel=\"noopener\">Die gegenw\u00e4rtige salafistische Szene in Deutschland &#8211; Prediger und Anh\u00e4nger (LIT-Verlag)<\/a><\/em><\/li>\n<li><a href=\"https:\/\/www.amazon.de\/Die-gegenw%C3%A4rtige-salafistische-Szene-Deutschland\/dp\/3643140002\/ref=sr_1_cc_1?s=aps&amp;ie=UTF8&amp;qid=1522688777&amp;sr=1-1-catcorr&amp;keywords=k%C3%A4sehage\" target=\"_blank\" rel=\"noopener\">Die gegenw\u00e4rtige salafistische Szene in Deutschland &#8211; Prediger und Anh\u00e4nger (Amazon)<\/a><\/li>\n<\/ol>\n<p><strong>Selected reviews to the PhD <\/strong><em>T<\/em><em>he contemporary Salafist Milieu in Germany. Preachers and Followers<\/em>:<strong><br \/><\/strong><\/p>\n<ul>\n<li><strong><em>REMID<\/em><\/strong> (Religious Studies based Media- and Information-Service), Review of Christoph Wagenseil: &#8220;Salafism in Germay: Dangerous Sciencet? Review of the work of Nina K\u00e4sehage&#8221; September 29, 2018: <a href=\"https:\/\/www.remid.de\/blog\/2018\/09\/salafismus-in-deutschland-gefaehrliche-wissenschaft-rezension-zum-werk-nina-kaesehages\/\" target=\"_blank\" rel=\"noopener\">https:\/\/www.remid.de\/blog\/2018\/09\/salafismus-in-deutschland-gefaehrliche-wissenschaft-rezension-zum-werk-nina-kaesehages\/<\/a><\/li>\n<li><strong><em>Perspectives on Terrorism<\/em><\/strong> (PoT), Vol. XXII, issue 5, October 2018, Review of Prof. Alex P. Schmid, Editor-in-Chief PoT: &#8220;Book Review: Nina K\u00e4sehage. Die gegenw\u00e4rtige Salafistische Szene in Deutschland. Prediger und Anh\u00e4nger&#8221;: <a href=\"https:\/\/www.universiteitleiden.nl\/perspectives-on-terrorism\/archives\/2018#volume-xii-issue-5\" target=\"_blank\" rel=\"noopener\">https:\/\/www.universiteitleiden.nl\/perspectives-on-terrorism\/archives\/2018#volume-xii-issue-5<\/a><\/li>\n<\/ul>\n<p><strong>Spring 2017<\/strong><\/p>\n<ul>\n<li>Publication of my\u00a0 study about Chechen women and their individual motives as well as their influence on young German women:<br \/>\n<h4><strong><span style=\"color: #333333;\">D<\/span><em>schihad als Ausweg &#8211; Warum tschetschenische Frauen in den Krieg ziehen und deutsche K\u00e4mpferinnen ihnen folgen<\/em><\/strong>:<\/h4>\n<\/li>\n<\/ul>\n<p><img loading=\"lazy\" decoding=\"async\" class=\"size-medium wp-image-588 aligncenter\" src=\"http:\/\/salafismus-forschung.de\/wp-content\/uploads\/2016\/05\/713X5qn9xoL._AC_UY327_QL65_ML3_-190x300.jpg\" alt=\"713X5qn9xoL._AC_UY327_QL65_ML3_\" width=\"190\" height=\"300\" srcset=\"https:\/\/salafismus-forschung.de\/wp-content\/uploads\/2016\/05\/713X5qn9xoL._AC_UY327_QL65_ML3_-190x300.jpg 190w, https:\/\/salafismus-forschung.de\/wp-content\/uploads\/2016\/05\/713X5qn9xoL._AC_UY327_QL65_ML3_.jpg 207w\" sizes=\"(max-width: 190px) 100vw, 190px\" \/><\/p>\n<p><a href=\"http:\/\/www.zuklampen.de\/buecher\/sachbuch-c-14\/dschihad-als-auswegwarum-tschetschenische-frauen-in-den-krieg-ziehen-und-deutsche-kaempferinnen-ihnen-folgen-p-1274788861.html\" target=\"_blank\" rel=\"noopener\">Dschihad als Ausweg: Warum tschetschenische Frauen in den Krieg ziehen und deutsche K\u00e4mpferinnen ihnen folgen (Verlag zu Klampen)<\/a><\/p>\n<p><a href=\"http:\/\/www.amazon.de\/Dschihad-als-Ausweg-Tschetschenische-K%C3%A4mpferinnen\/dp\/3866745532\/ref=sr_1_1\/255-3117897-9257161?s=books&amp;ie=UTF8&amp;qid=1486798142&amp;sr=1-1\" target=\"_blank\" rel=\"noopener\">Dschihad als Ausweg: Warum tschetschenische Frauen in den Krieg ziehen und deutsche K\u00e4mpferinnen ihnen folgen (Amazon)<\/a><\/p>\n<p><strong>Spring 2016<\/strong><\/p>\n<h4><strong>Publication of my\u00a0 study about <a href=\"https:\/\/www.verlagdrkovac.de\/978-3-8300-9055-7.htm\" target=\"_blank\" rel=\"noopener\">C<em>onversion to Islam in Germany with particular regard to constitutional questions<\/em><\/a>, that based upon a sample of 38 interviews with german converts, among them notable German Salafi preacher, and represents the foundation of my current Salafim Research:<\/strong><\/h4>\n<p><img loading=\"lazy\" decoding=\"async\" class=\"size-medium wp-image-597 aligncenter\" src=\"http:\/\/salafismus-forschung.de\/wp-content\/uploads\/2016\/05\/K\u00e4sehage_Konversion_-214x300.jpg\" alt=\"K\u00e4sehage_Konversion_\" width=\"214\" height=\"300\" srcset=\"https:\/\/salafismus-forschung.de\/wp-content\/uploads\/2016\/05\/K\u00e4sehage_Konversion_-214x300.jpg 214w, https:\/\/salafismus-forschung.de\/wp-content\/uploads\/2016\/05\/K\u00e4sehage_Konversion_.jpg 233w\" sizes=\"(max-width: 214px) 100vw, 214px\" \/><\/p>\n<p style=\"padding-left: 30px;\"><a href=\"http:\/\/www.verlagdrkovac.de\/978-3-8300-9055-7.htm\" target=\"_blank\" rel=\"noopener\"><span id=\"productTitle\" class=\"a-size-large\">Konversion zum Islam innerhalb Deutschlands: Unter besonderer Ber\u00fccksichtigung verfassungsrechtlicher Fragen (Verlag Dr. Kovac)<\/span><\/a><\/p>\n<p style=\"padding-left: 30px;\"><a href=\"http:\/\/www.amazon.de\/Konversion-innerhalb-Deutschlands-verfassungsrechtlicher-Religionswissenschaft\/dp\/3830090552\/\" target=\"_blank\" rel=\"noopener\"><span id=\"productTitle\" class=\"a-size-large\">Konversion zum Islam innerhalb Deutschlands: Unter besonderer Ber\u00fccksichtigung verfassungsrechtlicher Fragen (Amazon)<\/span><\/a><\/p>\n<p><\/p>\n\n\n\n\n\n\n<h2 class=\"wp-block-heading\"><\/h2>\n\n\n\n<ul>\n<li><\/li>\n<\/ul>\n\n\n\n<h2 class=\"wp-block-heading\"><\/h2>\n\n\n\n<h2 class=\"wp-block-heading\"><\/h2>\n\n\n\n<h2 class=\"wp-block-heading\"><\/h2>\n\n\n\n<p><\/p>\n\n\n\n\n\n<div class=\"wp-block-group alignfull has-background\" style=\"background-color:#f2f0e9\"><div class=\"wp-block-group__inner-container is-layout-flow wp-block-group-is-layout-flow\">\n<div style=\"height:40px\" aria-hidden=\"true\" class=\"wp-block-spacer\"><\/div>\n<\/div><\/div>","protected":false},"excerpt":{"rendered":"<p>(Online) Articles &#8220;Frauen im Extremismus &#8211; Radikale Rekruteurinnen zwischen Tradition und Moderne&#8221; Women who are involved in extremist movements are still largely ignored by researchers and the public, or portrayed in the media in a one-sided manner as \u201cterrorist brides\u201d &hellip; <a href=\"https:\/\/salafismus-forschung.de\/en\/publikationen\">Continue reading <span class=\"meta-nav\">&rarr;<\/span><\/a><\/p>\n","protected":false},"author":1,"featured_media":0,"parent":0,"menu_order":4,"comment_status":"closed","ping_status":"closed","template":"","meta":{"footnotes":""},"_links":{"self":[{"href":"https:\/\/salafismus-forschung.de\/en\/wp-json\/wp\/v2\/pages\/15"}],"collection":[{"href":"https:\/\/salafismus-forschung.de\/en\/wp-json\/wp\/v2\/pages"}],"about":[{"href":"https:\/\/salafismus-forschung.de\/en\/wp-json\/wp\/v2\/types\/page"}],"author":[{"embeddable":true,"href":"https:\/\/salafismus-forschung.de\/en\/wp-json\/wp\/v2\/users\/1"}],"replies":[{"embeddable":true,"href":"https:\/\/salafismus-forschung.de\/en\/wp-json\/wp\/v2\/comments?post=15"}],"version-history":[{"count":209,"href":"https:\/\/salafismus-forschung.de\/en\/wp-json\/wp\/v2\/pages\/15\/revisions"}],"predecessor-version":[{"id":910,"href":"https:\/\/salafismus-forschung.de\/en\/wp-json\/wp\/v2\/pages\/15\/revisions\/910"}],"wp:attachment":[{"href":"https:\/\/salafismus-forschung.de\/en\/wp-json\/wp\/v2\/media?parent=15"}],"curies":[{"name":"wp","href":"https:\/\/api.w.org\/{rel}","templated":true}]}}