{"id":18,"date":"2016-05-23T14:43:59","date_gmt":"2016-05-23T14:43:59","guid":{"rendered":"http:\/\/salafismus-forschung.de\/?page_id=18"},"modified":"2025-04-28T02:59:45","modified_gmt":"2025-04-28T02:59:45","slug":"berichterstattung","status":"publish","type":"page","link":"https:\/\/salafismus-forschung.de\/en\/berichterstattung","title":{"rendered":"Reporting"},"content":{"rendered":"<p style=\"text-align: center;\"><strong>Selected Examples<\/strong><\/p>\n<strong>Print media and Radio\n<\/strong>\n<p style=\"text-align: center;\"><strong>2025<\/strong><\/p>\n\n<ul>\n \t<li class=\"wp-block-heading\">\n<h4>Bericht: <strong><a href=\"https:\/\/w.epd.de\/digital\/lnb\/2025\/02\/12\/#article814979\" target=\"_blank\" rel=\"noreferrer noopener\">Religionsexpertin: Der Nahostkonflikt belastet Miteinander an Schulen<\/a><\/strong><\/h4>\n<\/li>\n<\/ul>\n<!-- \/wp:heading --> <!-- wp:paragraph -->\n\nNach Ansicht der Religionsexpertin Nina K\u00e4sehage belasten der Terrorangriff der radikalislamischen Hamas auf Israel am 7. Oktober 2023 und der dadurch neu aufgeflammte Nahostkonflikt das Miteinander an deutschen Schulen. \u201eViele Lehrkr\u00e4fte sind verunsichert, wie sie den Konflikt im Unterricht angesichts der zum Teil hochemotionalen Stimmung thematisieren sollen\u201c, sagte die Extremismusforscherin im Gespr\u00e4ch mit dem Evangelischen Pressedienst (epd). K\u00e4sehage leitet das vom \u201eHaus der Religionen\u201c in Hannover initiierte Pilotprojekt \u201eDer globale Konflikt im Klassenzimmer &#8211; Antisemitismus trifft auf antimuslimischen Rassismus\u201c.\n\n<!-- \/wp:paragraph --> <!-- wp:paragraph -->\n\n<em>epd<\/em>-Gespr\u00e4ch vom 12.02.2025\n<p style=\"text-align: center;\"><strong>2024<\/strong><\/p>\n\n<ul>\n \t<li>&#8220;<a href=\"https:\/\/www.publik-forum.de\/religion-kirchen\/kinder-und-jugendliche-sind-einfacher-zu-manipulieren\" target=\"_blank\" rel=\"noopener\">Children and young people are easier to manipulate<\/a>\u201d (Interview, Publik-Forum, August 26, 2024)<\/li>\n<\/ul>\n<p style=\"text-align: center;\"><strong>2020<\/strong><\/p>\n\n<ul>\n \t<li style=\"text-align: left;\">&#8220;Rostocker Wissenschaftlerin warnt vor radikalen Gruppierungen&#8221; (Interview, <em>idw,<\/em> April 8, 2020)<\/li>\n \t<li style=\"text-align: left;\">&#8220;Forscher der Universit\u00e4t Rostock kl\u00e4ren \u00fcber Islamismus auf&#8221; (Interview, <em>idw, <\/em>April 8, 2020)<\/li>\n \t<li style=\"text-align: left;\">\n<h4 id=\"articulo-titulo\" class=\"articulo-titulo \"><span style=\"color: #333333;\">&#8220;La ardua tarea de reinsertar a un preso yihadista&#8221;<strong> (Report, <em>El Pa\u00ecs<\/em>, Februar, 16 2020)<\/strong>\n<\/span><\/h4>\n<\/li>\n<\/ul>\n<p style=\"text-align: center;\"><strong>2019<\/strong><\/p>\n\n<ul>\n \t<li style=\"text-align: left;\">\n<h4><span style=\"color: #333333;\">&#8220;Lorin S. und ihre vier Kinder zur\u00fcck in Deutschland&#8221; <strong>(Interview, <em>Deutschlandfunk Kultur, <\/em>December 4, 2019)<\/strong><\/span><\/h4>\n<\/li>\n \t<li style=\"text-align: left;\">\n<h4><span style=\"color: #333333;\">&#8220;Streitkulturen &#8211; Deutungsmachtkonflikte zwischen Konsens und Zerw\u00fcrfnis (Nachwuchsforum)&#8221;<strong> (Conference report, <em>H-Soz-Kult<\/em>, November 20, 2019)<\/strong>\n<\/span><\/h4>\n<\/li>\n<\/ul>\n<p style=\"text-align: center;\"><strong>2018<\/strong><\/p>\n\n<ul>\n \t<li>&#8220;Underestimated: Female Extremism&#8221; (Report and Interview, <em>Ostsee Zeitung, <\/em>September 25, 2018)<\/li>\n \t<li>&#8220;In many cases they are perpetrators&#8221; (Interview, <em>Deutschlandfunk Kultur<\/em>, September 24, 2018)<\/li>\n \t<li>&#8220;Women play an important role in extremist groups&#8221; (Report, <em>Focus Online<\/em>, <em>Nordkurier<\/em>,<em> German Press Association (dpa),<\/em> <em>Welt<\/em>, September 24, 2018)<\/li>\n \t<li>&#8220;Many times they are perpetrators&#8221; (Interview, <em>Deutschlandfunk Kultur <\/em>September 24, 2018)<\/li>\n \t<li><span style=\"color: #333333;\">&#8220;Fighter or good wife&#8221; (<em>SVZ\/Norddeutsche Neueste Nachrichten<\/em> September 24, 2018)<\/span><\/li>\n \t<li>&#8220;The Salafi movement is divided&#8221; (Interview, <em>Deutschlandfunk Nova<\/em>, June 20, 2018)<\/li>\n \t<li style=\"text-align: left;\">&#8220;Who are the Salafi?&#8221; (Interview, <em>WDR5<\/em>, May 20, 2018)<\/li>\n<\/ul>\n<p style=\"text-align: center;\"><strong>2017<\/strong><\/p>\n\n<ul>\n \t<li>&#8220;Only a minority wants an armed jihad&#8221; (Report, <em>G\u00f6ttinger Tageblatt<\/em>, May 31, 2017)<\/li>\n \t<li>&#8220;Salafisten haben in NRW mehr Freiheiten&#8221; (<em>RP-Online,<\/em> May 12, 2017)<\/li>\n \t<li>&#8220;Islam-researcher: &#8220;Islam researcher: Not all Salafists are the same&#8221;(Interview, <em>Deutsche Welle<\/em> April 24, 2017)<\/li>\n \t<li>&#8220;Rostocker expert dived into the scene&#8221; (Article, <em>NNN<\/em>, April 18, 2017)<\/li>\n \t<li>&#8220;Der Hotspot in Niedersachsen: Die salafistische Szene in G\u00f6ttingen&#8221; (Interview, <em>Stadtradio G\u00f6ttingen<\/em>, April 05, 2017)<\/li>\n \t<li>&#8220;How the world of Salafis looks like&#8221; (Interview, <em>Mainpost<\/em> April 04, 2017)<\/li>\n \t<li>&#8220;Verherrlichung des M\u00e4rtyrertods&#8221; (Article, <em>G\u00f6ttinger Tageblatt<\/em>, February 16, 2017)<\/li>\n \t<li>&#8220;Number of jihadists increases&#8221; (Interview, <em>G\u00f6ttinger Tageblatt<\/em>, February 09, 2017)<\/li>\n \t<li>BR 2 &#8211; Eins zu Eins. Der Talk (Live-Talk, February 08, 2017)<\/li>\n \t<li>&#8220;Tolerance and Integration instead of separation&#8221; (Report, <em>Stuttgarter Nachrichten<\/em> January 28, 2017)<\/li>\n \t<li>&#8220;TV-Kritik \u201eMaybrit Illner\u201c Vierzig Beh\u00f6rden waren an der \u00dcberwachung Amris beteiligt&#8221; -&gt; K\u00e4sehage said the sentence of this evening: &#8220;We emphasize the difference of each other, not the togetherness.\u201c (Article,<em> Berliner Zeitung<\/em>, January, 13, 2017)<\/li>\n<\/ul>\n<p style=\"text-align: center;\"><strong>2016<\/strong><\/p>\n\n<ul>\n \t<li>&#8220;Reise ohne Wiederkehr&#8221; (Interview, <em>Rotenburger Rundschau<\/em>, December 10, 2016)<\/li>\n \t<li>&#8220;Null Toleranz f\u00fcr den Dschihad: Wie sch\u00fctzen wir unsere Kinder?&#8221; (Live-Talk, <em>WDR2<\/em> Arena, November 17, 2016)<\/li>\n \t<li>Interview zu den <em>dwr<\/em>-Razzien mit Freddie Sch\u00fcrheck, <em>1LIVE <\/em>(November 16, 2016)<\/li>\n \t<li>Interview zu den <em>dwr<\/em>-Razzien mit S\u00fcmeyra Kaya, <em>Funkhaus Europa (<\/em>November 15, 2016)<\/li>\n \t<li>&#8220;Salafismus-Forscherin: Froh \u00fcber &#8220;Die wahre Religion&#8221;-Verbot (Interview, <em>WDR2<\/em> November 15, 2016)<\/li>\n \t<li>&#8220;Forscherin: Debatte \u00fcber Islam und Terror dreht sich im Kreis&#8221; (Report,<em> CIBEDO<\/em>, September 23, 2016)<\/li>\n \t<li>&#8220;Ein Drahtseilakt&#8221; &#8211; Forscherin sieht Moscheevereine in der Pflicht gegen Salafismus\u00a0 (Interview, <em>Domradio, <\/em>September 22, 2016)<\/li>\n \t<li>&#8220;Manche Moscheevereine f\u00f6rdern Radikalisierung&#8221; (Interview, <em>katholisch.de<\/em>, September 22, 2016)<\/li>\n \t<li>&#8220;Eintauchen in die Welt der Salafisten&#8221; (Im Gespr\u00e4ch, <em>Deutschlandradio Kultur<\/em>, September 21., 2016)<\/li>\n \t<li>&#8220;Salafistenprediger vor Gericht &#8211; Wer ist Sven Lau?&#8221; (Interview, <em>Deutschlandradio<\/em> <em>Kultur<\/em>, September 6, 2016)<\/li>\n \t<li>&#8220;Sie spielen mit Menschen&#8221;\u00a0 (Interview and Report, <em>Deutschlandfunk<\/em> July, 1 2016)<\/li>\n \t<li>&#8220;Einen gemeinsamen Diskurs erm\u00f6glichen&#8221; (Interview, Augusta June<em> 27,<\/em> 2016)<\/li>\n \t<li>&#8220;Dem Salafismus auf der Spur &#8211; Die G\u00f6ttinger Wissenschaftlerin Nina K\u00e4sehage erforscht die islamistische Szene &#8211; und musste auch gef\u00e4hrliche Situationen durchstehen&#8221; (Interview, <em>Hannoversche Allgemeine Zeitung,<\/em> May 21, 2016)<\/li>\n \t<li>&#8220;Menschen aufkl\u00e4ren, nicht einsperren &#8211; Expertin Nina K\u00e4sehage \u00fcber Jugendliche, die zu Dschihadisten werden&#8221; (Report to the lecture at the Kirchenkreis Norden, <em>Ostfriesischer Kurier,<\/em> May 19, 2016)<\/li>\n \t<li>&#8220;Besonnenheit statt Vorverurteilung&#8221; (Report to the lecture about the Salafistic Scene in Germany and the IS at Apex,<em> G\u00f6ttinger Tageblatt<\/em>, 25.02.2016)<\/li>\n<\/ul>\n<p style=\"text-align: center;\"><strong>2015<\/strong><\/p>\n\n<ul>\n \t<li>&#8220;IS wirbt gezielt K\u00e4mpfer in Europa &#8211; Ein &#8220;Handbuch&#8221; gibt Tipps f\u00fcr Anschl\u00e4ge&#8221; (Artikel, <em>Braunschweiger Zeitung<\/em>, June 27, 2015)<\/li>\n \t<li>&#8220;Terror &#8211; Mehr als 100 Tote in vier L\u00e4ndern&#8221; (Article, <em>Braunschweiger Zeitung<\/em>, June 27, 2015, Cover)<\/li>\n \t<li>&#8220;Es ist eine Trag\u00f6die f\u00fcr die Eltern &#8211; Wolfsburg ist Hochburg der IS-K\u00e4mpfer. Forscherin Nina K\u00e4sehage fordert mehr Pr\u00e4ventionsarbeit&#8221; (Interview, <em>Wolfsburger Nachrichten<\/em>,\u00a0 April 25, 2015)<\/li>\n \t<li>&#8220;Immer mehr Frauen m\u00f6chten zur Waffe greifen&#8221; (Interview, <em>Braunschweiger Zeitung\u00a0<\/em> April 25, 2015)<\/li>\n \t<li>&#8220;Der IS rekrutiert gezielt K\u00e4mpfer in Europa &#8211; In der salafistischen Szene kusiert eine Anleitung f\u00fcr Terroraktionen&#8221; (<em>Braunschweiger Zeitung<\/em>, April 25, 2015, Cover)<\/li>\n \t<li>&#8220;Forscherin: Islamischer Staat will gezielt Terrornetzwerk in Europa ausbauen&#8221; (Artikel, <em>Evangelisch.de<\/em>, April 25, 2015)<\/li>\n<\/ul>\n<strong>TV<\/strong>\n\n<strong>Deutsche Welle (November 22, 2023)<\/strong>\n\n<a href=\"https:\/\/www.youtube.com\/watch?v=lS4Gf5XRdMM\" target=\"_blank\" rel=\"noopener\">&#8220;Lassen sich IS-Anh\u00e4nger wieder integrieren?&#8221;<\/a>\n\n<strong>Bayrisches Staatsministerium f\u00fcr Familie, Arbeit und Soziales (August 9, 2022: Radikalisierung hat kein Geschlecht &#8211; Radicalization has no Gender)<\/strong>\n\n<a href=\"https:\/\/www.stmas.bayern.de\/radikalisierungspraevention\/geschlechtundradikalisierung-videos.php#sec15\" target=\"_blank\" rel=\"noopener\">&#8220;Frauen und M\u00e4dchen im Salafismus&#8221;<\/a>\n\n<strong>ZDF (Maybrit Illner, May 11, 2017: Notruf im Wahljahr &#8211; Wie sicher ist Deutschland?&#8221; &#8211; Emergency Call in Election Year &#8211; How secure is Germany?) &#8211; <\/strong><span style=\"text-decoration: underline;\">Nina K\u00e4sehage requires an indepedent commitee of inquiry\n<\/span>\n\nThis live broadcast obviously leds to further investigations, e.g. seen in the article: <strong>&#8216;<\/strong><span class=\"ts-headline\"><strong>Sonderermittler sieht schwere Fehler bei Berliner Kripo&#8217;<\/strong> of the <em>Tagesspiegel <\/em>as well as the article: &#8216;<\/span><strong>Sonderermittler zum Fall Anis Amri<\/strong> <strong>\u201eEs gab fast in allen Bereichen Fehler\u201c<\/strong> of the <em>Berliner Zeitung<\/em> and many other newspapers of the 12th <span class=\"ts-headline\">October 2017.\n<\/span>\n\n<span class=\"ts-headline\">\u00a0-&gt; Due to the fact that the video isn\u00b4t no longer available on via YouTube, please contact the ZDF, if you\u00b4re interested in it.<\/span>\n\n<a href=\"https:\/\/www.zdf.de\/politik\/maybrit-illner\/Terror-mit-Ansage-was-tun-mit-den-Gefaehrdern-vom-12-januar-2017-100.html\" target=\"_blank\" rel=\"noopener\"><strong>ZDF (Maybrit Illner -January 12, 2017)<\/strong><\/a>\n\n<strong>(&#8220;Terror mit Ansage &#8211; Was tun mit den Gef\u00e4hrdern?&#8221;) &#8211; Nina K\u00e4sehage: &#8220;Bildung und Pr\u00e4vention sind die (einzigen) Schl\u00fcssel zum Kampf gegen den Terror&#8221;<\/strong>\n\nQuote,<em> RP-Online<\/em> from 13th Januar 2017: &#8220;Statt den Fokus immer auf Repressionen zu legen, m\u00fcsse mehr in Programme gegen Radikalisierung gesteckt werden. In dieselbe Kerbe schlug <strong>Religionswissenschaftlerin Nina K\u00e4sehage,<\/strong> die sich mit der salafistischen Szene in Deutschland und Europa auseinandersetzt. Wer etwas verhindern wolle, der m\u00fcsse in <strong>Bildung und Pr\u00e4vention investieren<\/strong>, sagte sie. F\u00fcr sie fehlt es dar\u00fcber hinaus\u00a0an Selbstkritik\u00a0bei den\u00a0Sicherheitsbeh\u00f6rden. Gerade auch im europ\u00e4ischen Raum habe man gute Instrumente. &#8220;Aber es scheitert h\u00e4ufig an Eitelkeiten und anderen wirklich dummen Gr\u00fcnden in Verfassungsbeh\u00f6rden, den sogenannten Nachrichtendiensten&#8221;, sagte die Wissenschaftlerin.&#8221;\n\nQuote,<em> Blogrebellen<\/em> from 17th Januar 2017: &#8220;Statt immer mehr populistische und aktionistische Forderungen aufzustellen, wie es derzeit nicht nur die Parteien am rechten Rand der Gesellschaft, sondern auch die Regierungen und Geheimdienste in ganz Europa tun, anstatt mehr Repressionen und \u00dcberwachung zu fordern, statt immer mehr zu differenzieren sucht sie<strong> das Miteinander der Menschen, sucht sie das Gespr\u00e4ch und fordert mit Bildung und Pr\u00e4vention ein gemeinsames humanistisches Menschenbild zu schaffen.<\/strong>\n\n-&gt; Due to the fact that the video isn\u00b4t no longer available on via YouTube, please contact the ZDF, if you\u00b4re interested in it.\n\n<strong>DW<\/strong> (Prozessberichterstattung, z.B. zu <em>Safia S.<\/em>)\n\n<strong>ORF<\/strong> (Sendung: <em>Im Zentrum, <\/em>u.a. mit<em> Sebastian Kurz<\/em>):\n<p style=\"text-align: center;\"><strong>February 06, 2017<\/strong><\/p>\n<iframe loading=\"lazy\" title=\"Religion vs. Staat,  (ORF2, IM ZENTRUM: Radikalisierte Jugend)\" width=\"640\" height=\"480\" src=\"https:\/\/www.youtube.com\/embed\/bDhpj5822mY?feature=oembed\" frameborder=\"0\" allow=\"accelerometer; autoplay; clipboard-write; encrypted-media; gyroscope; picture-in-picture; web-share\" referrerpolicy=\"strict-origin-when-cross-origin\" allowfullscreen><\/iframe>\n\n<strong>NDR<\/strong> (<em>Aktuelle Stunde<\/em>)\n\n<strong>ORF<\/strong> (<em>kultur<\/em> Montag):\n<p style=\"text-align: center;\"><strong>March 07, 2017<\/strong><\/p>\n<em>Cause for conflict: How do we handle the headscarf ban?<\/em>\n<div class=\"lead\">\n\n<b>Zana Ramadani versus Nina K\u00e4sehage<\/b>\nNo other piece of cloth more polarizes more than the headscarf:\n\n<img loading=\"lazy\" decoding=\"async\" title=\"(c) ORF\" src=\"http:\/\/tv.orf.at\/storyimg\/201702\/Storypart_t203778.jpg\" alt=\"(c) ORF\" width=\"183\" height=\"137\" \/>\n<div class=\"paragraph clearer\">A headscarf ban is detrimental for the integration of muslim in the western society, says meanwhile <b>Nina K\u00e4sehage<\/b>. The religious scientist dealt intensivly with the Salafistic Scene in Germany.<\/div>\n<\/div>","protected":false},"excerpt":{"rendered":"<p>Selected Examples Print media and Radio 2025 Bericht: Religionsexpertin: Der Nahostkonflikt belastet Miteinander an Schulen Nach Ansicht der Religionsexpertin Nina K\u00e4sehage belasten der Terrorangriff der radikalislamischen Hamas auf Israel am 7. Oktober 2023 und der dadurch neu aufgeflammte Nahostkonflikt das &hellip; <a href=\"https:\/\/salafismus-forschung.de\/en\/berichterstattung\">Continue reading <span class=\"meta-nav\">&rarr;<\/span><\/a><\/p>\n","protected":false},"author":1,"featured_media":0,"parent":0,"menu_order":5,"comment_status":"closed","ping_status":"closed","template":"","meta":{"footnotes":""},"_links":{"self":[{"href":"https:\/\/salafismus-forschung.de\/en\/wp-json\/wp\/v2\/pages\/18"}],"collection":[{"href":"https:\/\/salafismus-forschung.de\/en\/wp-json\/wp\/v2\/pages"}],"about":[{"href":"https:\/\/salafismus-forschung.de\/en\/wp-json\/wp\/v2\/types\/page"}],"author":[{"embeddable":true,"href":"https:\/\/salafismus-forschung.de\/en\/wp-json\/wp\/v2\/users\/1"}],"replies":[{"embeddable":true,"href":"https:\/\/salafismus-forschung.de\/en\/wp-json\/wp\/v2\/comments?post=18"}],"version-history":[{"count":229,"href":"https:\/\/salafismus-forschung.de\/en\/wp-json\/wp\/v2\/pages\/18\/revisions"}],"predecessor-version":[{"id":898,"href":"https:\/\/salafismus-forschung.de\/en\/wp-json\/wp\/v2\/pages\/18\/revisions\/898"}],"wp:attachment":[{"href":"https:\/\/salafismus-forschung.de\/en\/wp-json\/wp\/v2\/media?parent=18"}],"curies":[{"name":"wp","href":"https:\/\/api.w.org\/{rel}","templated":true}]}}