{"id":21,"date":"2016-05-23T14:53:00","date_gmt":"2016-05-23T14:53:00","guid":{"rendered":"http:\/\/salafismus-forschung.de\/?page_id=21"},"modified":"2026-01-12T08:55:59","modified_gmt":"2026-01-12T08:55:59","slug":"impressum","status":"publish","type":"page","link":"https:\/\/salafismus-forschung.de\/en\/impressum","title":{"rendered":"Imprint"},"content":{"rendered":"<p><\/p>\n<div class=\"col-xxs-12\">\n<h3>Nina K\u00e4sehage &#8211; Salafism Research<\/h3>\n<\/div>\n<div class=\"sec-mitup row\">\n<h3>Person responsible for content pursuant Telemedia Act:<\/h3>\n<ul>\n<li>Nina K\u00e4sehage<\/li>\n<li>Telephone number: +49-178-8762352<\/li>\n<li>E-Mail: <a href=\"mailto:Nina.Kaesehage@salafismus-forschung.de\">Nina.Kaesehage@salafismus-forschung.de<\/a><\/li>\n<\/ul>\n<p>Copyright for all photos reserved by WordPress.<\/p>\n<\/div>\n<div class=\"sec-mitup row\">\n<div class=\"col-xxs-12\">\n<p>I would be very pleased to receive your questions and suggestions to the website. Please send me an e-mail and I will answer you quickly.<\/p>\n<h3>Urheberrecht<\/h3>\n<p>Die durch die Seitenbetreiber erstellten Inhalte und Werke auf diesen Seiten unterliegen dem deutschen Urheberrecht. Beitr\u00e4ge Dritter sind als solche gekennzeichnet. Die Vervielf\u00e4ltigung, Bearbeitung, Verbreitung und jede Art der Verwertung au\u00dferhalb der Grenzen des Urheberrechts bed\u00fcrfen der schriftlichen Zustimmung des jeweiligen Autors bzw. Erstellers. Downloads und Kopien dieser Seite sind nur f\u00fcr den privaten, nicht kommerziellen Gebrauch gestattet.<\/p>\n<h3>Haftungsausschluss<\/h3>\n<p>Die Informationen auf unserer Webseite wurden mit gr\u00f6\u00dftm\u00f6glicher Sorgfalt zusammengestellt. Trotzdem kann Nina K\u00e4sehage f\u00fcr die Aktualit\u00e4t, Richtigkeit oder Vollst\u00e4ndigkeit keine Gew\u00e4hr \u00fcbernehmen. Haftungsanspr\u00fcche gegen Nina K\u00e4sehage, die sich auf Sch\u00e4den materieller oder ideeller Art beziehen, welche durch die Nutzung oder Nichtnutzung der dargebotenen Informationen oder durch fehlerhafte und unvollst\u00e4ndige Informationen verursacht wurden, sind grunds\u00e4tzlich ausgeschlossen. Ich behalte mir \u00c4nderungen der Informationen ohne vorherige Ank\u00fcndigung vor.<\/p>\n<h3>Verkn\u00fcpfung zu externen Webseiten<\/h3>\n<p>Trotz sorgf\u00e4ltiger inhaltlicher Kontrolle \u00fcbernehme ich keine Haftung f\u00fcr die Inhalte externer Verkn\u00fcpfungen. F\u00fcr den Inhalt der verkn\u00fcpften Seiten sind ausschlie\u00dflich deren Betreiber verantwortlich. Es liegt in der alleinigen Verantwortung des Nutzers, die Datenschutzgarantie und die Nutzungsbestimmungen der verkn\u00fcpften Websites zu \u00fcberpr\u00fcfen. Gesch\u00e4fte oder Transaktionen mit Drittanbietern einer verkn\u00fcpften Website oder Dienste dieser, erfolgen ausschlie\u00dflich zwischen dem Nutzer und dem Drittanbieter.\u00a0Nina K\u00e4sehage\u00a0ist nicht verantwortlich oder haftbar f\u00fcr irgendeinen Teil solcher Gesch\u00e4fte oder Dienste.<\/p>\n<h3>Marken- und Warenzeichen<\/h3>\n<p>Alle innerhalb dieser Webseite genannten Marken- und Warenzeichen unterliegen uneingeschr\u00e4nkt den Bestimmungen des jeweils g\u00fcltigen Kennzeichnungsrechtes und gegebenenfalls den Besitzrechten der jeweiligen eingetragenen Eigent\u00fcmer.<\/p>\n<h3>Datenschutz<\/h3>\n<p>Wenn Sie von der Webseite mit mir Kontakt aufnehmen und Angaben \u00fcber pers\u00f6nliche oder gesch\u00e4ftliche Daten (Emailadressen, Namen, Anschriften) machen, so erfolgt die Preisgabe dieser Daten auf ausdr\u00fccklich freiwilliger Basis. Die E-Mail Kontaktdaten werden, ebenso wie Ihre Nachricht, ausschlie\u00dflich an\u00a0Nina K\u00e4sehage\u00a0\u00fcbermittelt. Bei der Kommunikation per E-Mail kann die vollst\u00e4ndige Datensicherheit von uns jedoch nicht gew\u00e4hrleistet werden, so dass wir Ihnen bei vertraulichen Informationen den Postweg empfehlen.<\/p>\n<p>Der Nutzung von im Rahmen der Impressumpflicht ver\u00f6ffentlichten Kontaktdaten durch Dritte zur \u00dcbersendung von nicht ausdr\u00fccklich angeforderter Werbung und Informationsmaterialien wird hiermit ausdr\u00fccklich widersprochen. Die Betreiber der Seiten behalten sich ausdr\u00fccklich rechtliche Schritte im Falle der unverlangten Zusendung von Werbeinformationen, etwa durch Spam-Mails, vor.<\/p>\n<h3>Rechtswirksamkeit dieses Haftungsausschlusses<\/h3>\n<p>Dieser Haftungsausschluss ist als Teil des Internetangebotes zu betrachten, von dem aus auf diese Seite verwiesen wurde. Sofern Teile oder einzelne Formulierungen dieses Textes der geltenden Rechtslage nicht, nicht mehr oder nicht vollst\u00e4ndig entsprechen sollten, bleiben die \u00fcbrigen Teile des Dokumentes in ihrem Inhalt und ihrer G\u00fcltigkeit davon unber\u00fchrt.<\/p>\n<\/div>\n<\/div>\n<p><\/p>","protected":false},"excerpt":{"rendered":"<p>Nina K\u00e4sehage &#8211; Salafism Research Person responsible for content pursuant Telemedia Act: Nina K\u00e4sehage Telephone number: +49-178-8762352 E-Mail: Nina.Kaesehage@salafismus-forschung.de Copyright for all photos reserved by WordPress. I would be very pleased to receive your questions and suggestions to the website. &hellip; <a href=\"https:\/\/salafismus-forschung.de\/en\/impressum\">Continue reading <span class=\"meta-nav\">&rarr;<\/span><\/a><\/p>\n","protected":false},"author":1,"featured_media":0,"parent":0,"menu_order":6,"comment_status":"closed","ping_status":"closed","template":"","meta":{"footnotes":""},"_links":{"self":[{"href":"https:\/\/salafismus-forschung.de\/en\/wp-json\/wp\/v2\/pages\/21"}],"collection":[{"href":"https:\/\/salafismus-forschung.de\/en\/wp-json\/wp\/v2\/pages"}],"about":[{"href":"https:\/\/salafismus-forschung.de\/en\/wp-json\/wp\/v2\/types\/page"}],"author":[{"embeddable":true,"href":"https:\/\/salafismus-forschung.de\/en\/wp-json\/wp\/v2\/users\/1"}],"replies":[{"embeddable":true,"href":"https:\/\/salafismus-forschung.de\/en\/wp-json\/wp\/v2\/comments?post=21"}],"version-history":[{"count":12,"href":"https:\/\/salafismus-forschung.de\/en\/wp-json\/wp\/v2\/pages\/21\/revisions"}],"predecessor-version":[{"id":904,"href":"https:\/\/salafismus-forschung.de\/en\/wp-json\/wp\/v2\/pages\/21\/revisions\/904"}],"wp:attachment":[{"href":"https:\/\/salafismus-forschung.de\/en\/wp-json\/wp\/v2\/media?parent=21"}],"curies":[{"name":"wp","href":"https:\/\/api.w.org\/{rel}","templated":true}]}}